{"id":3,"date":"2023-07-10T04:56:42","date_gmt":"2023-07-10T04:56:42","guid":{"rendered":"https:\/\/plastor.ro\/?page_id=3"},"modified":"2024-02-01T16:16:31","modified_gmt":"2024-02-01T14:16:31","slug":"termeni-si-conditii","status":"publish","type":"page","link":"https:\/\/plastor.ro\/ro\/terms-and-conditions\/","title":{"rendered":"Termeni \u0219i condi\u021bii"},"content":{"rendered":"<p>Data ultimei actualiz\u0103ri: 01 februarie 2024<\/p>\r\n<p>V\u0103 rug\u0103m s\u0103 citi\u021bi cu aten\u021bie ace\u0219ti Termeni \u0219i Condi\u021bii \u00eenainte de a utiliza site-ul https:\/\/plastor.ro (\u201eSite-ul\u201d) operat de PLASTOR SA (\u201eNoi\u201d, \u201eNoi\u201d, \u201eCompanie\u201d, \u201ePLASTOR\u201d).<\/p>\r\n<p><strong>1. Acceptarea Termenilor \u0219i Condi\u021biilor<\/strong> Prin accesarea \u0219i utilizarea Site-ului, sunte\u021bi de acord s\u0103 respecta\u021bi ace\u0219ti Termeni \u0219i Condi\u021bii. Dac\u0103 nu sunte\u021bi de acord cu niciunul dintre ace\u0219ti Termeni, v\u0103 rug\u0103m s\u0103 nu utiliza\u021bi Site-ul.<\/p>\r\n<p><strong>2. Drepturi de proprietate intelectual\u0103<\/strong> Con\u021binutul Site-ului, incluz\u00e2nd, dar f\u0103r\u0103 a se limita la, text, grafic\u0103, imagini, logo-uri, videoclipuri, este proprietatea PLASTOR \u0219i este protejat de drepturile de autor \u0219i alte legi privind proprietatea intelectual\u0103.<\/p>\r\n<p><strong>3. Utilizarea Site-ului<\/strong> Utilizarea Site-ului este permis\u0103 numai \u00een scopuri legale \u0219i \u00een conformitate cu ace\u0219ti Termeni \u0219i Condi\u021bii. Nu pute\u021bi utiliza Site-ul \u00een moduri care ar putea afecta func\u021bionarea acestuia sau ar putea cauza r\u0103ni altor utilizatori.<\/p>\r\n<p><strong>4. Informa\u021bii personale<\/strong> Colect\u0103m \u0219i proces\u0103m informa\u021bii personale \u00een conformitate cu Politica noastr\u0103 de confiden\u021bialitate. Prin utilizarea Site-ului, sunte\u021bi de acord cu colectarea \u0219i prelucrarea informa\u021biilor personale \u00een conformitate cu aceast\u0103 politic\u0103.<\/p>\r\n<p><strong>5. Modific\u0103ri ale Termenilor \u0219i Condi\u021biilor<\/strong> Ne rezerv\u0103m dreptul de a modifica ace\u0219ti Termeni \u0219i Condi\u021bii \u00een orice moment. Modific\u0103rile vor intra \u00een vigoare de \u00eendat\u0103 ce sunt publicate pe Site. Continuarea utiliz\u0103rii Site-ului dup\u0103 astfel de modific\u0103ri constituie acceptarea de c\u0103tre dumneavoastr\u0103 a acestor modific\u0103ri.<\/p>\r\n<p><strong>Contact<\/strong> Pentru \u00eentreb\u0103ri sau clarific\u0103ri cu privire la ace\u0219ti Termeni \u0219i Condi\u021bii, v\u0103 rug\u0103m s\u0103 ne contacta\u021bi la adresa <a href=\"mailto:office@plastor.ro\"><strong>office@plastor.ro<\/strong><\/a>.<\/p>","protected":false},"excerpt":{"rendered":"<p>Last update date: 01 February 2024 Please read these Terms and Conditions carefully before using the website https:\/\/plastor.ro (the &#8220;Site&#8221;) operated by PLASTOR S.A. (the &#8220;We&#8221;, &#8220;Us&#8221;, &#8220;Company&#8221;, &#8220;PLASTOR&#8221;). 1. Acceptance of Terms and Conditions By accessing and using the Site, you agree to be bound by these Terms and Conditions. If you do not [&hellip;]<\/p>\n","protected":false},"author":1,"featured_media":0,"parent":0,"menu_order":0,"comment_status":"closed","ping_status":"closed","template":"","meta":{"_acf_changed":false,"footnotes":""},"class_list":["post-3","page","type-page","status-publish","hentry"],"acf":[],"aioseo_notices":[],"aioseo_head":"\n\t\t<!-- All in One SEO Pro 4.9.4.2 - aioseo.com -->\n\t<meta name=\"description\" content=\"Last update date: 01 February 2024 Please read these Terms and Conditions carefully before using the website https:\/\/plastor.ro (the &quot;Site&quot;) operated by PLASTOR S.A. (the &quot;We&quot;, &quot;Us&quot;, &quot;Company&quot;, &quot;PLASTOR&quot;). 1. Acceptance of Terms and Conditions By accessing and using the Site, you agree to be bound by these Terms and Conditions. If you do not\" \/>\n\t<meta name=\"robots\" content=\"max-image-preview:large\" \/>\n\t<link rel=\"canonical\" href=\"https:\/\/plastor.ro\/ro\/terms-and-conditions\/\" \/>\n\t<meta name=\"generator\" content=\"All in One SEO Pro (AIOSEO) 4.9.4.2\" \/>\n\t\t<meta property=\"og:locale\" content=\"ro_RO\" \/>\n\t\t<meta property=\"og:site_name\" content=\"Plastor Oradea - Solu\u021bii complete \u00een domeniul prelucr\u0103rii materialelor plastice\" \/>\n\t\t<meta property=\"og:type\" content=\"article\" \/>\n\t\t<meta property=\"og:title\" content=\"Terms and Conditions - Plastor Oradea\" \/>\n\t\t<meta property=\"og:description\" content=\"Last update date: 01 February 2024 Please read these Terms and Conditions carefully before using the website https:\/\/plastor.ro (the &quot;Site&quot;) operated by PLASTOR S.A. (the &quot;We&quot;, &quot;Us&quot;, &quot;Company&quot;, &quot;PLASTOR&quot;). 1. Acceptance of Terms and Conditions By accessing and using the Site, you agree to be bound by these Terms and Conditions. If you do not\" \/>\n\t\t<meta property=\"og:url\" content=\"https:\/\/plastor.ro\/ro\/terms-and-conditions\/\" \/>\n\t\t<meta property=\"article:published_time\" content=\"2023-07-10T04:56:42+00:00\" \/>\n\t\t<meta property=\"article:modified_time\" content=\"2024-02-01T14:16:31+00:00\" \/>\n\t\t<meta name=\"twitter:card\" content=\"summary_large_image\" \/>\n\t\t<meta name=\"twitter:title\" content=\"Terms and Conditions - Plastor Oradea\" \/>\n\t\t<meta name=\"twitter:description\" content=\"Last update date: 01 February 2024 Please read these Terms and Conditions carefully before using the website https:\/\/plastor.ro (the &quot;Site&quot;) operated by PLASTOR S.A. (the &quot;We&quot;, &quot;Us&quot;, &quot;Company&quot;, &quot;PLASTOR&quot;). 1. Acceptance of Terms and Conditions By accessing and using the Site, you agree to be bound by these Terms and Conditions. If you do not\" \/>\n\t\t<script type=\"application\/ld+json\" class=\"aioseo-schema\">\n\t\t\t{\"@context\":\"https:\\\/\\\/schema.org\",\"@graph\":[{\"@type\":\"BreadcrumbList\",\"@id\":\"https:\\\/\\\/plastor.ro\\\/ro\\\/terms-and-conditions\\\/#breadcrumblist\",\"itemListElement\":[{\"@type\":\"ListItem\",\"@id\":\"https:\\\/\\\/plastor.ro\\\/ro#listItem\",\"position\":1,\"name\":\"Home\",\"item\":\"https:\\\/\\\/plastor.ro\\\/ro\",\"nextItem\":{\"@type\":\"ListItem\",\"@id\":\"https:\\\/\\\/plastor.ro\\\/ro\\\/terms-and-conditions\\\/#listItem\",\"name\":\"Terms and Conditions\"}},{\"@type\":\"ListItem\",\"@id\":\"https:\\\/\\\/plastor.ro\\\/ro\\\/terms-and-conditions\\\/#listItem\",\"position\":2,\"name\":\"Terms and Conditions\",\"previousItem\":{\"@type\":\"ListItem\",\"@id\":\"https:\\\/\\\/plastor.ro\\\/ro#listItem\",\"name\":\"Home\"}}]},{\"@type\":\"Organization\",\"@id\":\"https:\\\/\\\/plastor.ro\\\/ro\\\/#organization\",\"name\":\"Plastor Oradea\",\"description\":\"Solu\\u021bii complete \\u00een domeniul prelucr\\u0103rii materialelor plastice\",\"url\":\"https:\\\/\\\/plastor.ro\\\/ro\\\/\",\"telephone\":\"+40259207103\",\"logo\":{\"@type\":\"ImageObject\",\"url\":\"https:\\\/\\\/plastor.ro\\\/wp-content\\\/uploads\\\/2023\\\/07\\\/plastor-logo.svg\",\"@id\":\"https:\\\/\\\/plastor.ro\\\/ro\\\/terms-and-conditions\\\/#organizationLogo\"},\"image\":{\"@id\":\"https:\\\/\\\/plastor.ro\\\/ro\\\/terms-and-conditions\\\/#organizationLogo\"}},{\"@type\":\"WebPage\",\"@id\":\"https:\\\/\\\/plastor.ro\\\/ro\\\/terms-and-conditions\\\/#webpage\",\"url\":\"https:\\\/\\\/plastor.ro\\\/ro\\\/terms-and-conditions\\\/\",\"name\":\"Terms and Conditions - Plastor Oradea\",\"description\":\"Last update date: 01 February 2024 Please read these Terms and Conditions carefully before using the website https:\\\/\\\/plastor.ro (the \\\"Site\\\") operated by PLASTOR S.A. (the \\\"We\\\", \\\"Us\\\", \\\"Company\\\", \\\"PLASTOR\\\"). 1. Acceptance of Terms and Conditions By accessing and using the Site, you agree to be bound by these Terms and Conditions. If you do not\",\"inLanguage\":\"ro-RO\",\"isPartOf\":{\"@id\":\"https:\\\/\\\/plastor.ro\\\/ro\\\/#website\"},\"breadcrumb\":{\"@id\":\"https:\\\/\\\/plastor.ro\\\/ro\\\/terms-and-conditions\\\/#breadcrumblist\"},\"datePublished\":\"2023-07-10T04:56:42+03:00\",\"dateModified\":\"2024-02-01T16:16:31+02:00\"},{\"@type\":\"WebSite\",\"@id\":\"https:\\\/\\\/plastor.ro\\\/ro\\\/#website\",\"url\":\"https:\\\/\\\/plastor.ro\\\/ro\\\/\",\"name\":\"Plastor Oradea\",\"description\":\"Solu\\u021bii complete \\u00een domeniul prelucr\\u0103rii materialelor plastice\",\"inLanguage\":\"ro-RO\",\"publisher\":{\"@id\":\"https:\\\/\\\/plastor.ro\\\/ro\\\/#organization\"}}]}\n\t\t<\/script>\n\t\t<!-- All in One SEO Pro -->\r\n\t\t<title>Terms and Conditions - Plastor Oradea<\/title>\n\n","aioseo_head_json":{"title":"Termeni si Conditii - Plastor Oradea","description":"Data ultimei actualiz\u0103ri: 01 februarie 2024 V\u0103 rug\u0103m s\u0103 citi\u021bi cu aten\u021bie ace\u0219ti Termeni \u0219i Condi\u021bii \u00eenainte de a utiliza site-ul https:\/\/plastor.ro (\u201eSite-ul\u201d) operat de PLASTOR SA (\u201eNoi\u201d, \u201eNoi\u201d, \u201eCompanie\u201d, \u201e PLASTOR&quot;). 1. Acceptarea Termenilor \u0219i Condi\u021biilor Prin accesarea \u0219i utilizarea Site-ului, sunte\u021bi de acord s\u0103 respecta\u021bi ace\u0219ti Termeni \u0219i Condi\u021bii. Daca tu nu","canonical_url":"https:\/\/plastor.ro\/ro\/terms-and-conditions\/","robots":"max-image-preview:large","keywords":"","webmasterTools":{"miscellaneous":""},"schema":{"@context":"https:\/\/schema.org","@graph":[{"@type":"BreadcrumbList","@id":"https:\/\/plastor.ro\/ro\/terms-and-conditions\/#breadcrumblist","itemListElement":[{"@type":"ListItem","@id":"https:\/\/plastor.ro\/ro#listItem","position":1,"name":"Home","item":"https:\/\/plastor.ro\/ro","nextItem":{"@type":"ListItem","@id":"https:\/\/plastor.ro\/ro\/terms-and-conditions\/#listItem","name":"Terms and Conditions"}},{"@type":"ListItem","@id":"https:\/\/plastor.ro\/ro\/terms-and-conditions\/#listItem","position":2,"name":"Terms and Conditions","previousItem":{"@type":"ListItem","@id":"https:\/\/plastor.ro\/ro#listItem","name":"Home"}}]},{"@type":"Organization","@id":"https:\/\/plastor.ro\/ro\/#organization","name":"Plastor Oradea","description":"Solu\u021bii complete \u00een domeniul prelucr\u0103rii materialelor plastice","url":"https:\/\/plastor.ro\/ro\/","telephone":"+40259207103","logo":{"@type":"ImageObject","url":"https:\/\/plastor.ro\/wp-content\/uploads\/2023\/07\/plastor-logo.svg","@id":"https:\/\/plastor.ro\/ro\/terms-and-conditions\/#organizationLogo"},"image":{"@id":"https:\/\/plastor.ro\/ro\/terms-and-conditions\/#organizationLogo"}},{"@type":"WebPage","@id":"https:\/\/plastor.ro\/ro\/terms-and-conditions\/#webpage","url":"https:\/\/plastor.ro\/ro\/terms-and-conditions\/","name":"Terms and Conditions - Plastor Oradea","description":"Last update date: 01 February 2024 Please read these Terms and Conditions carefully before using the website https:\/\/plastor.ro (the \"Site\") operated by PLASTOR S.A. (the \"We\", \"Us\", \"Company\", \"PLASTOR\"). 1. Acceptance of Terms and Conditions By accessing and using the Site, you agree to be bound by these Terms and Conditions. If you do not","inLanguage":"ro-RO","isPartOf":{"@id":"https:\/\/plastor.ro\/ro\/#website"},"breadcrumb":{"@id":"https:\/\/plastor.ro\/ro\/terms-and-conditions\/#breadcrumblist"},"datePublished":"2023-07-10T04:56:42+03:00","dateModified":"2024-02-01T16:16:31+02:00"},{"@type":"WebSite","@id":"https:\/\/plastor.ro\/ro\/#website","url":"https:\/\/plastor.ro\/ro\/","name":"Plastor Oradea","description":"Solu\u021bii complete \u00een domeniul prelucr\u0103rii materialelor plastice","inLanguage":"ro-RO","publisher":{"@id":"https:\/\/plastor.ro\/ro\/#organization"}}]},"og:locale":"ro_RO","og:site_name":"Plastor Oradea - Solu\u021bii complete \u00een domeniul prelucr\u0103rii materialelor plastice","og:type":"article","og:title":"Terms and Conditions - Plastor Oradea","og:description":"Last update date: 01 February 2024 Please read these Terms and Conditions carefully before using the website https:\/\/plastor.ro (the &quot;Site&quot;) operated by PLASTOR S.A. (the &quot;We&quot;, &quot;Us&quot;, &quot;Company&quot;, &quot;PLASTOR&quot;). 1. Acceptance of Terms and Conditions By accessing and using the Site, you agree to be bound by these Terms and Conditions. If you do not","og:url":"https:\/\/plastor.ro\/ro\/terms-and-conditions\/","article:published_time":"2023-07-10T04:56:42+00:00","article:modified_time":"2024-02-01T14:16:31+00:00","twitter:card":"summary_large_image","twitter:title":"Terms and Conditions - Plastor Oradea","twitter:description":"Last update date: 01 February 2024 Please read these Terms and Conditions carefully before using the website https:\/\/plastor.ro (the &quot;Site&quot;) operated by PLASTOR S.A. (the &quot;We&quot;, &quot;Us&quot;, &quot;Company&quot;, &quot;PLASTOR&quot;). 1. Acceptance of Terms and Conditions By accessing and using the Site, you agree to be bound by these Terms and Conditions. If you do not"},"aioseo_meta_data":{"post_id":"3","title":null,"description":null,"keywords":[],"keyphrases":{"focus":{"keyphrase":"","score":0,"analysis":{"keyphraseInTitle":{"score":0,"maxScore":9,"error":1}}},"additional":[]},"primary_term":null,"canonical_url":null,"og_title":null,"og_description":null,"og_object_type":"default","og_image_type":"default","og_image_url":null,"og_image_width":null,"og_image_height":null,"og_image_custom_url":null,"og_image_custom_fields":null,"og_video":"","og_custom_url":null,"og_article_section":null,"og_article_tags":[],"twitter_use_og":false,"twitter_card":"default","twitter_image_type":"default","twitter_image_url":null,"twitter_image_custom_url":null,"twitter_image_custom_fields":null,"twitter_title":null,"twitter_description":null,"schema":{"blockGraphs":[],"customGraphs":[],"default":{"data":{"Article":[],"Course":[],"Dataset":[],"FAQPage":[],"Movie":[],"Person":[],"Product":[],"ProductReview":[],"Car":[],"Recipe":[],"Service":[],"SoftwareApplication":[],"WebPage":[]},"graphName":"WebPage","isEnabled":true},"graphs":[]},"schema_type":"default","schema_type_options":null,"pillar_content":false,"robots_default":true,"robots_noindex":false,"robots_noarchive":false,"robots_nosnippet":false,"robots_nofollow":false,"robots_noimageindex":false,"robots_noodp":false,"robots_notranslate":false,"robots_max_snippet":"-1","robots_max_videopreview":"-1","robots_max_imagepreview":"large","priority":null,"frequency":"default","local_seo":null,"seo_analyzer_scan_date":"2025-08-15 16:31:03","breadcrumb_settings":null,"limit_modified_date":false,"open_ai":"{\"title\":{\"suggestions\":[],\"usage\":0},\"description\":{\"suggestions\":[],\"usage\":0}}","ai":null,"created":"2024-01-25 04:41:20","updated":"2025-10-29 14:01:03"},"aioseo_breadcrumb":"<div class=\"aioseo-breadcrumbs\"><span class=\"aioseo-breadcrumb\">\n\t<a href=\"https:\/\/plastor.ro\/ro\" title=\"Home\">Home<\/a>\n<\/span><span class=\"aioseo-breadcrumb-separator\">&raquo;<\/span><span class=\"aioseo-breadcrumb\">\n\tTerms and Conditions\n<\/span><\/div>","aioseo_breadcrumb_json":[{"label":"Home","link":"https:\/\/plastor.ro\/ro"},{"label":"Terms and Conditions","link":"https:\/\/plastor.ro\/ro\/terms-and-conditions\/"}],"_links":{"self":[{"href":"https:\/\/plastor.ro\/ro\/wp-json\/wp\/v2\/pages\/3","targetHints":{"allow":["GET"]}}],"collection":[{"href":"https:\/\/plastor.ro\/ro\/wp-json\/wp\/v2\/pages"}],"about":[{"href":"https:\/\/plastor.ro\/ro\/wp-json\/wp\/v2\/types\/page"}],"author":[{"embeddable":true,"href":"https:\/\/plastor.ro\/ro\/wp-json\/wp\/v2\/users\/1"}],"replies":[{"embeddable":true,"href":"https:\/\/plastor.ro\/ro\/wp-json\/wp\/v2\/comments?post=3"}],"version-history":[{"count":3,"href":"https:\/\/plastor.ro\/ro\/wp-json\/wp\/v2\/pages\/3\/revisions"}],"predecessor-version":[{"id":1377,"href":"https:\/\/plastor.ro\/ro\/wp-json\/wp\/v2\/pages\/3\/revisions\/1377"}],"wp:attachment":[{"href":"https:\/\/plastor.ro\/ro\/wp-json\/wp\/v2\/media?parent=3"}],"curies":[{"name":"wp","href":"https:\/\/api.w.org\/{rel}","templated":true}]}}