{"id":275,"date":"2023-07-25T13:44:04","date_gmt":"2023-07-25T10:44:04","guid":{"rendered":"https:\/\/plastor.mynrgo.com\/?page_id=275"},"modified":"2024-02-05T17:33:43","modified_gmt":"2024-02-05T15:33:43","slug":"confectionarea-matritelor","status":"publish","type":"page","link":"https:\/\/plastor.ro\/ro\/mould-making\/","title":{"rendered":"Executia de matrite"},"content":{"rendered":"<h3>One of Plastor&#8217;s major competitive advantages is the production of moulds in its own workshops.<\/h3>\n<ul>\n<li>\n<p>        <img decoding=\"async\" src=\"\/wp-content\/uploads\/2024\/01\/competente-matriterie-1a.jpg\" alt=\"\"><\/p>\n<\/li>\n<li>\n<p>        <img decoding=\"async\" src=\"\/wp-content\/uploads\/2023\/10\/competente-matriterie-1.jpg\" alt=\"\"><\/p>\n<\/li>\n<li>\n<p>        <img decoding=\"async\" src=\"\/wp-content\/uploads\/2023\/10\/competente-matriterie-2.jpg\" alt=\"\"><\/p>\n<\/li>\n<li>\n<p>        <img decoding=\"async\" src=\"\/wp-content\/uploads\/2023\/10\/competente-matriterie-3.jpg\" alt=\"\"><\/p>\n<\/li>\n<li>\n<p>        <img decoding=\"async\" src=\"\/wp-content\/uploads\/2023\/10\/competente-matriterie-4.jpg\" alt=\"\"><\/p>\n<\/li>\n<li>\n<p>        <img decoding=\"async\" src=\"\/wp-content\/uploads\/2023\/10\/competente-matriterie-5.jpg\" alt=\"\"><\/p>\n<\/li>\n<li>\n<p>        <img decoding=\"async\" src=\"\/wp-content\/uploads\/2023\/10\/competente-matriterie-6.jpg\" alt=\"\"><\/p>\n<\/li>\n<li>\n<p>        <img decoding=\"async\" src=\"\/wp-content\/uploads\/2023\/10\/competente-matriterie-7.jpg\" alt=\"\"><\/p>\n<\/li>\n<li>\n<p>        <img decoding=\"async\" src=\"\/wp-content\/uploads\/2023\/10\/competente-matriterie-8.jpg\" alt=\"\"><\/p>\n<\/li>\n<li>\n<p>        <img decoding=\"async\" src=\"\/wp-content\/uploads\/2023\/10\/competente-matriterie-9.jpg\" alt=\"\"><\/p>\n<\/li>\n<li>\n<p>        <img decoding=\"async\" src=\"\/wp-content\/uploads\/2023\/10\/competente-matriterie-10.jpg\" alt=\"\"><\/p>\n<\/li>\n<li>\n<p>        <img decoding=\"async\" src=\"\/wp-content\/uploads\/2023\/10\/competente-matriterie-11.jpg\" alt=\"\"><\/p>\n<\/li>\n<li>\n<p>        <img decoding=\"async\" src=\"\/wp-content\/uploads\/2023\/12\/competente-matriterie-12.jpg\" alt=\"\"><\/p>\n<\/li>\n<li>\n<p>        <img decoding=\"async\" src=\"\/wp-content\/uploads\/2023\/12\/competente-matriterie-13.jpg\" alt=\"\"><\/p>\n<\/li>\n<li>\n<p>        <img decoding=\"async\" src=\"\/wp-content\/uploads\/2023\/12\/competente-matriterie-14.jpg\" alt=\"\"><\/p>\n<\/li>\n<\/ul>\n<div>\n<p>These are equipped with 8 CNC machining centres, 4 electro-erosion machines, welding and laser engraving equipment, as well as machines for classical machining.<\/p>\n<p>Its modern equipment, together with the experience and competence of the teams in the tooling departments, has enabled them to gain the trust of a large portfolio of customers.<\/p>\n<p>From the automotive industry to the electro-technical or medical industry, from Romania or other EU countries, these customers can ask Plastor only to manufacture the moulds or to use them in the company&#8217;s production workshops for parts serial production.<\/p>\n<\/div>\n<p><!--more--><br \/>\n<!-- {\"type\":\"layout\",\"children\":[{\"name\":\"Hero pagini interne\",\"type\":\"section\",\"props\":{\"image_position\":\"center-center\",\"image_size\":\"cover\",\"padding\":\"xsmall\",\"style\":\"muted\",\"title_breakpoint\":\"xl\",\"title_position\":\"top-left\",\"title_rotation\":\"left\",\"vertical_align\":\"middle\",\"width\":\"\"},\"children\":[{\"type\":\"row\",\"children\":[{\"type\":\"column\",\"props\":{\"image_position\":\"center-center\",\"position_sticky_breakpoint\":\"m\",\"width_medium\":\"1-1\"},\"children\":[{\"type\":\"headline\",\"props\":{\"block_align\":\"center\",\"maxwidth\":\"xlarge\",\"text_align\":\"center\",\"title_color\":\"secondary\",\"title_decoration\":\"line\",\"title_element\":\"h1\",\"title_style\":\"h1\"},\"source\":{\"query\":{\"name\":\"pages.singlePage\"},\"props\":{\"content\":{\"filters\":{\"search\":\"\"},\"name\":\"title\"}}}}]}]}]},{\"type\":\"section\",\"props\":{\"image_position\":\"center-center\",\"style\":\"default\",\"title_breakpoint\":\"xl\",\"title_position\":\"top-left\",\"title_rotation\":\"left\",\"vertical_align\":\"middle\",\"width\":\"default\"},\"children\":[{\"type\":\"row\",\"children\":[{\"type\":\"column\",\"props\":{\"image_position\":\"center-center\",\"position_sticky_breakpoint\":\"m\"},\"children\":[{\"type\":\"breadcrumbs\",\"props\":{\"home_text\":\"Homepage\",\"show_current\":true,\"show_home\":true}},{\"type\":\"headline\",\"props\":{\"content\":\"One of Plastor's major competitive advantages is the production of moulds in its own workshops.\",\"text_align\":\"left\",\"title_element\":\"h3\",\"title_style\":\"text-lead\"},\"name\":\"Headline pagina interna\"}]}]},{\"type\":\"row\",\"props\":{\"layout\":\"2-3,1-3\"},\"children\":[{\"type\":\"column\",\"props\":{\"image_position\":\"center-center\",\"position_sticky_breakpoint\":\"m\",\"vertical_align\":\"middle\",\"width_medium\":\"2-3\"},\"children\":[{\"type\":\"slideshow\",\"props\":{\"image_loading\":true,\"link_style\":\"default\",\"link_text\":\"Read more\",\"margin\":\"default\",\"meta_align\":\"below-title\",\"meta_element\":\"div\",\"meta_style\":\"text-meta\",\"nav\":\"dotnav\",\"nav_align\":\"center\",\"nav_breakpoint\":\"s\",\"nav_position\":\"bottom-center\",\"nav_position_margin\":\"medium\",\"nav_vertical\":false,\"overlay_animation\":\"parallax\",\"overlay_position\":\"center-left\",\"show_content\":true,\"show_link\":true,\"show_meta\":true,\"show_thumbnail\":true,\"show_title\":true,\"slidenav\":\"top-right\",\"slidenav_breakpoint\":\"s\",\"slidenav_margin\":\"medium\",\"slidenav_outside_breakpoint\":\"xl\",\"slideshow_animation\":\"push\",\"slideshow_autoplay\":true,\"slideshow_autoplay_interval\":\"5\",\"slideshow_autoplay_pause\":false,\"slideshow_kenburns_duration\":\"13\",\"slideshow_min_height\":300,\"thumbnav_height\":\"75\",\"thumbnav_svg_color\":\"emphasis\",\"thumbnav_width\":\"100\",\"title_element\":\"h3\"},\"children\":[{\"type\":\"slideshow_item\",\"props\":{\"image\":\"wp-content\\\/uploads\\\/2024\\\/01\\\/competente-matriterie-1a.jpg\"}},{\"type\":\"slideshow_item\",\"props\":{\"image\":\"wp-content\\\/uploads\\\/2023\\\/10\\\/competente-matriterie-1.jpg\"}},{\"type\":\"slideshow_item\",\"props\":{\"image\":\"wp-content\\\/uploads\\\/2023\\\/10\\\/competente-matriterie-2.jpg\"}},{\"type\":\"slideshow_item\",\"props\":{\"image\":\"wp-content\\\/uploads\\\/2023\\\/10\\\/competente-matriterie-3.jpg\"}},{\"type\":\"slideshow_item\",\"props\":{\"image\":\"wp-content\\\/uploads\\\/2023\\\/10\\\/competente-matriterie-4.jpg\"}},{\"type\":\"slideshow_item\",\"props\":{\"image\":\"wp-content\\\/uploads\\\/2023\\\/10\\\/competente-matriterie-5.jpg\"}},{\"type\":\"slideshow_item\",\"props\":{\"image\":\"wp-content\\\/uploads\\\/2023\\\/10\\\/competente-matriterie-6.jpg\"}},{\"type\":\"slideshow_item\",\"props\":{\"image\":\"wp-content\\\/uploads\\\/2023\\\/10\\\/competente-matriterie-7.jpg\"}},{\"type\":\"slideshow_item\",\"props\":{\"image\":\"wp-content\\\/uploads\\\/2023\\\/10\\\/competente-matriterie-8.jpg\"}},{\"type\":\"slideshow_item\",\"props\":{\"image\":\"wp-content\\\/uploads\\\/2023\\\/10\\\/competente-matriterie-9.jpg\"}},{\"type\":\"slideshow_item\",\"props\":{\"image\":\"wp-content\\\/uploads\\\/2023\\\/10\\\/competente-matriterie-10.jpg\"}},{\"type\":\"slideshow_item\",\"props\":{\"image\":\"wp-content\\\/uploads\\\/2023\\\/10\\\/competente-matriterie-11.jpg\"}},{\"type\":\"slideshow_item\",\"props\":{\"image\":\"wp-content\\\/uploads\\\/2023\\\/12\\\/competente-matriterie-12.jpg\"}},{\"type\":\"slideshow_item\",\"props\":{\"image\":\"wp-content\\\/uploads\\\/2023\\\/12\\\/competente-matriterie-13.jpg\"}},{\"type\":\"slideshow_item\",\"props\":{\"image\":\"wp-content\\\/uploads\\\/2023\\\/12\\\/competente-matriterie-14.jpg\"}}],\"name\":\"slideshow produse\"}]},{\"type\":\"column\",\"props\":{\"image_position\":\"center-center\",\"position_sticky_breakpoint\":\"m\",\"vertical_align\":\"middle\",\"width_medium\":\"1-3\"},\"children\":[{\"type\":\"text\",\"props\":{\"column_breakpoint\":\"m\",\"content\":\"\n\n<p>These are equipped with 8 CNC machining centres, 4 electro-erosion machines, welding and laser engraving equipment, as well as machines for classical machining.<\\\/p>\\n\n\n<p>Its modern equipment, together with the experience and competence of the teams in the tooling departments, has enabled them to gain the trust of a large portfolio of customers.<\\\/p>\\n\n\n<p>From the automotive industry to the electro-technical or medical industry, from Romania or other EU countries, these customers can ask Plastor only to manufacture the moulds or to use them in the company's production workshops for parts serial production.<\\\/p>\",\"margin\":\"default\",\"text_align\":\"justify\"}}]}]}],\"name\":\"Sectiune competente\"}],\"version\":\"4.2.13\",\"yooessentialsVersion\":\"2.2.4\"} --><\/p>\n","protected":false},"excerpt":{"rendered":"<p>One of Plastor&#8217;s major competitive advantages is the production of moulds in its own workshops. These are equipped with 8 CNC machining centres, 4 electro-erosion machines, welding and laser engraving equipment, as well as machines for classical machining. Its modern equipment, together with the experience and competence of the teams in the tooling departments, has [&hellip;]<\/p>\n","protected":false},"author":1,"featured_media":0,"parent":0,"menu_order":0,"comment_status":"closed","ping_status":"closed","template":"","meta":{"_acf_changed":false,"footnotes":""},"class_list":["post-275","page","type-page","status-publish","hentry"],"acf":[],"aioseo_notices":[],"aioseo_head":"\n\t\t<!-- All in One SEO Pro 4.9.6.2 - aioseo.com -->\n\t<meta name=\"description\" content=\"One of Plastor&#039;s major competitive advantages is the production of moulds in its own workshops. These are equipped with 8 CNC machining centres, 4 electro-erosion machines, welding and laser engraving equipment, as well as machines for classical machining. Its modern equipment, together with the experience and competence of the teams in the tooling departments, has\" \/>\n\t<meta name=\"robots\" content=\"max-image-preview:large\" \/>\n\t<link rel=\"canonical\" href=\"https:\/\/plastor.ro\/ro\/mould-making\/\" \/>\n\t<meta name=\"generator\" content=\"All in One SEO Pro (AIOSEO) 4.9.6.2\" \/>\n\t\t<meta property=\"og:locale\" content=\"ro_RO\" \/>\n\t\t<meta property=\"og:site_name\" content=\"Plastor Oradea - Solu\u021bii complete \u00een domeniul prelucr\u0103rii materialelor plastice\" \/>\n\t\t<meta property=\"og:type\" content=\"article\" \/>\n\t\t<meta property=\"og:title\" content=\"Mould Making - Plastor Oradea\" \/>\n\t\t<meta property=\"og:description\" content=\"One of Plastor&#039;s major competitive advantages is the production of moulds in its own workshops. These are equipped with 8 CNC machining centres, 4 electro-erosion machines, welding and laser engraving equipment, as well as machines for classical machining. Its modern equipment, together with the experience and competence of the teams in the tooling departments, has\" \/>\n\t\t<meta property=\"og:url\" content=\"https:\/\/plastor.ro\/ro\/mould-making\/\" \/>\n\t\t<meta property=\"article:published_time\" content=\"2023-07-25T10:44:04+00:00\" \/>\n\t\t<meta property=\"article:modified_time\" content=\"2024-02-05T15:33:43+00:00\" \/>\n\t\t<meta name=\"twitter:card\" content=\"summary_large_image\" \/>\n\t\t<meta name=\"twitter:title\" content=\"Mould Making - Plastor Oradea\" \/>\n\t\t<meta name=\"twitter:description\" content=\"One of Plastor&#039;s major competitive advantages is the production of moulds in its own workshops. These are equipped with 8 CNC machining centres, 4 electro-erosion machines, welding and laser engraving equipment, as well as machines for classical machining. Its modern equipment, together with the experience and competence of the teams in the tooling departments, has\" \/>\n\t\t<script type=\"application\/ld+json\" class=\"aioseo-schema\">\n\t\t\t{\"@context\":\"https:\\\/\\\/schema.org\",\"@graph\":[{\"@type\":\"BreadcrumbList\",\"@id\":\"https:\\\/\\\/plastor.ro\\\/ro\\\/mould-making\\\/#breadcrumblist\",\"itemListElement\":[{\"@type\":\"ListItem\",\"@id\":\"https:\\\/\\\/plastor.ro\\\/ro#listItem\",\"position\":1,\"name\":\"Home\",\"item\":\"https:\\\/\\\/plastor.ro\\\/ro\",\"nextItem\":{\"@type\":\"ListItem\",\"@id\":\"https:\\\/\\\/plastor.ro\\\/ro\\\/mould-making\\\/#listItem\",\"name\":\"Mould Making\"}},{\"@type\":\"ListItem\",\"@id\":\"https:\\\/\\\/plastor.ro\\\/ro\\\/mould-making\\\/#listItem\",\"position\":2,\"name\":\"Mould Making\",\"previousItem\":{\"@type\":\"ListItem\",\"@id\":\"https:\\\/\\\/plastor.ro\\\/ro#listItem\",\"name\":\"Home\"}}]},{\"@type\":\"Organization\",\"@id\":\"https:\\\/\\\/plastor.ro\\\/ro\\\/#organization\",\"name\":\"Plastor Oradea\",\"description\":\"Solu\\u021bii complete \\u00een domeniul prelucr\\u0103rii materialelor plastice\",\"url\":\"https:\\\/\\\/plastor.ro\\\/ro\\\/\",\"telephone\":\"+40259207103\",\"logo\":{\"@type\":\"ImageObject\",\"url\":\"https:\\\/\\\/plastor.ro\\\/wp-content\\\/uploads\\\/2023\\\/07\\\/plastor-logo.svg\",\"@id\":\"https:\\\/\\\/plastor.ro\\\/ro\\\/mould-making\\\/#organizationLogo\"},\"image\":{\"@id\":\"https:\\\/\\\/plastor.ro\\\/ro\\\/mould-making\\\/#organizationLogo\"}},{\"@type\":\"WebPage\",\"@id\":\"https:\\\/\\\/plastor.ro\\\/ro\\\/mould-making\\\/#webpage\",\"url\":\"https:\\\/\\\/plastor.ro\\\/ro\\\/mould-making\\\/\",\"name\":\"Mould Making - Plastor Oradea\",\"description\":\"One of Plastor's major competitive advantages is the production of moulds in its own workshops. These are equipped with 8 CNC machining centres, 4 electro-erosion machines, welding and laser engraving equipment, as well as machines for classical machining. Its modern equipment, together with the experience and competence of the teams in the tooling departments, has\",\"inLanguage\":\"ro-RO\",\"isPartOf\":{\"@id\":\"https:\\\/\\\/plastor.ro\\\/ro\\\/#website\"},\"breadcrumb\":{\"@id\":\"https:\\\/\\\/plastor.ro\\\/ro\\\/mould-making\\\/#breadcrumblist\"},\"datePublished\":\"2023-07-25T13:44:04+03:00\",\"dateModified\":\"2024-02-05T17:33:43+02:00\"},{\"@type\":\"WebSite\",\"@id\":\"https:\\\/\\\/plastor.ro\\\/ro\\\/#website\",\"url\":\"https:\\\/\\\/plastor.ro\\\/ro\\\/\",\"name\":\"Plastor Oradea\",\"description\":\"Solu\\u021bii complete \\u00een domeniul prelucr\\u0103rii materialelor plastice\",\"inLanguage\":\"ro-RO\",\"publisher\":{\"@id\":\"https:\\\/\\\/plastor.ro\\\/ro\\\/#organization\"}}]}\n\t\t<\/script>\n\t\t<!-- All in One SEO Pro -->\r\n\t\t<title>Mould Making - Plastor Oradea<\/title>\n\n","aioseo_head_json":{"title":"Confectionare matrite - Plastor Oradea","description":"Unul dintre avantajele competitive majore ale Plastor este producerea de matri\u021be \u00een atelierele proprii. Acestea sunt echipate cu 8 centre de prelucrare CNC, 4 ma\u0219ini de electroeroziune, echipamente de sudur\u0103 \u0219i gravare cu laser, precum \u0219i ma\u0219ini pentru prelucrare clasic\u0103. Echipamentul s\u0103u modern, \u00eempreun\u0103 cu experien\u021ba \u0219i competen\u021ba echipelor din departamentele de scule, are","canonical_url":"https:\/\/plastor.ro\/ro\/mould-making\/","robots":"max-image-preview:large","keywords":"","webmasterTools":{"miscellaneous":""},"schema":{"@context":"https:\/\/schema.org","@graph":[{"@type":"BreadcrumbList","@id":"https:\/\/plastor.ro\/ro\/mould-making\/#breadcrumblist","itemListElement":[{"@type":"ListItem","@id":"https:\/\/plastor.ro\/ro#listItem","position":1,"name":"Home","item":"https:\/\/plastor.ro\/ro","nextItem":{"@type":"ListItem","@id":"https:\/\/plastor.ro\/ro\/mould-making\/#listItem","name":"Mould Making"}},{"@type":"ListItem","@id":"https:\/\/plastor.ro\/ro\/mould-making\/#listItem","position":2,"name":"Mould Making","previousItem":{"@type":"ListItem","@id":"https:\/\/plastor.ro\/ro#listItem","name":"Home"}}]},{"@type":"Organization","@id":"https:\/\/plastor.ro\/ro\/#organization","name":"Plastor Oradea","description":"Solu\u021bii complete \u00een domeniul prelucr\u0103rii materialelor plastice","url":"https:\/\/plastor.ro\/ro\/","telephone":"+40259207103","logo":{"@type":"ImageObject","url":"https:\/\/plastor.ro\/wp-content\/uploads\/2023\/07\/plastor-logo.svg","@id":"https:\/\/plastor.ro\/ro\/mould-making\/#organizationLogo"},"image":{"@id":"https:\/\/plastor.ro\/ro\/mould-making\/#organizationLogo"}},{"@type":"WebPage","@id":"https:\/\/plastor.ro\/ro\/mould-making\/#webpage","url":"https:\/\/plastor.ro\/ro\/mould-making\/","name":"Mould Making - Plastor Oradea","description":"One of Plastor's major competitive advantages is the production of moulds in its own workshops. These are equipped with 8 CNC machining centres, 4 electro-erosion machines, welding and laser engraving equipment, as well as machines for classical machining. Its modern equipment, together with the experience and competence of the teams in the tooling departments, has","inLanguage":"ro-RO","isPartOf":{"@id":"https:\/\/plastor.ro\/ro\/#website"},"breadcrumb":{"@id":"https:\/\/plastor.ro\/ro\/mould-making\/#breadcrumblist"},"datePublished":"2023-07-25T13:44:04+03:00","dateModified":"2024-02-05T17:33:43+02:00"},{"@type":"WebSite","@id":"https:\/\/plastor.ro\/ro\/#website","url":"https:\/\/plastor.ro\/ro\/","name":"Plastor Oradea","description":"Solu\u021bii complete \u00een domeniul prelucr\u0103rii materialelor plastice","inLanguage":"ro-RO","publisher":{"@id":"https:\/\/plastor.ro\/ro\/#organization"}}]},"og:locale":"ro_RO","og:site_name":"Plastor Oradea - Solu\u021bii complete \u00een domeniul prelucr\u0103rii materialelor plastice","og:type":"article","og:title":"Mould Making - Plastor Oradea","og:description":"One of Plastor's major competitive advantages is the production of moulds in its own workshops. These are equipped with 8 CNC machining centres, 4 electro-erosion machines, welding and laser engraving equipment, as well as machines for classical machining. Its modern equipment, together with the experience and competence of the teams in the tooling departments, has","og:url":"https:\/\/plastor.ro\/ro\/mould-making\/","article:published_time":"2023-07-25T10:44:04+00:00","article:modified_time":"2024-02-05T15:33:43+00:00","twitter:card":"summary_large_image","twitter:title":"Mould Making - Plastor Oradea","twitter:description":"One of Plastor's major competitive advantages is the production of moulds in its own workshops. These are equipped with 8 CNC machining centres, 4 electro-erosion machines, welding and laser engraving equipment, as well as machines for classical machining. Its modern equipment, together with the experience and competence of the teams in the tooling departments, has"},"aioseo_meta_data":{"post_id":"275","title":null,"description":null,"keywords":null,"keyphrases":null,"primary_term":null,"canonical_url":null,"og_title":null,"og_description":null,"og_object_type":"default","og_image_type":"default","og_image_url":null,"og_image_width":null,"og_image_height":null,"og_image_custom_url":null,"og_image_custom_fields":null,"og_video":"","og_custom_url":null,"og_article_section":null,"og_article_tags":null,"twitter_use_og":false,"twitter_card":"default","twitter_image_type":"default","twitter_image_url":null,"twitter_image_custom_url":null,"twitter_image_custom_fields":null,"twitter_title":null,"twitter_description":null,"schema":{"blockGraphs":[],"customGraphs":[],"default":{"data":{"Article":[],"Course":[],"Dataset":[],"FAQPage":[],"Movie":[],"Person":[],"Product":[],"ProductReview":[],"Car":[],"Recipe":[],"Service":[],"SoftwareApplication":[],"WebPage":[]},"graphName":"","isEnabled":true},"graphs":[]},"schema_type":"default","schema_type_options":null,"pillar_content":false,"robots_default":true,"robots_noindex":false,"robots_noarchive":false,"robots_nosnippet":false,"robots_nofollow":false,"robots_noimageindex":false,"robots_noodp":false,"robots_notranslate":false,"robots_max_snippet":"-1","robots_max_videopreview":"-1","robots_max_imagepreview":"large","priority":null,"frequency":"default","local_seo":null,"seo_analyzer_scan_date":"2025-08-15 15:01:03","breadcrumb_settings":null,"limit_modified_date":false,"open_ai":"{\"title\":{\"suggestions\":[],\"usage\":0},\"description\":{\"suggestions\":[],\"usage\":0}}","ai":null,"created":"2024-01-25 04:41:20","updated":"2025-10-29 14:01:03"},"aioseo_breadcrumb":"<div class=\"aioseo-breadcrumbs\"><span class=\"aioseo-breadcrumb\">\n\t<a href=\"https:\/\/plastor.ro\/ro\" title=\"Home\">Home<\/a>\n<\/span><span class=\"aioseo-breadcrumb-separator\">&raquo;<\/span><span class=\"aioseo-breadcrumb\">\n\tMould Making\n<\/span><\/div>","aioseo_breadcrumb_json":[{"label":"Home","link":"https:\/\/plastor.ro\/ro"},{"label":"Mould Making","link":"https:\/\/plastor.ro\/ro\/mould-making\/"}],"_links":{"self":[{"href":"https:\/\/plastor.ro\/ro\/wp-json\/wp\/v2\/pages\/275","targetHints":{"allow":["GET"]}}],"collection":[{"href":"https:\/\/plastor.ro\/ro\/wp-json\/wp\/v2\/pages"}],"about":[{"href":"https:\/\/plastor.ro\/ro\/wp-json\/wp\/v2\/types\/page"}],"author":[{"embeddable":true,"href":"https:\/\/plastor.ro\/ro\/wp-json\/wp\/v2\/users\/1"}],"replies":[{"embeddable":true,"href":"https:\/\/plastor.ro\/ro\/wp-json\/wp\/v2\/comments?post=275"}],"version-history":[{"count":3,"href":"https:\/\/plastor.ro\/ro\/wp-json\/wp\/v2\/pages\/275\/revisions"}],"predecessor-version":[{"id":1390,"href":"https:\/\/plastor.ro\/ro\/wp-json\/wp\/v2\/pages\/275\/revisions\/1390"}],"wp:attachment":[{"href":"https:\/\/plastor.ro\/ro\/wp-json\/wp\/v2\/media?parent=275"}],"curies":[{"name":"wp","href":"https:\/\/api.w.org\/{rel}","templated":true}]}}