{"id":274,"date":"2023-07-25T13:44:00","date_gmt":"2023-07-25T10:44:00","guid":{"rendered":"https:\/\/plastor.mynrgo.com\/?page_id=274"},"modified":"2024-02-05T17:48:17","modified_gmt":"2024-02-05T15:48:17","slug":"asamblare","status":"publish","type":"page","link":"https:\/\/plastor.ro\/ro\/assembling\/","title":{"rendered":"Asamblare"},"content":{"rendered":"<h3>The assembling of finished products or sub-assemblies delivered to companies that incorporate them into their own products is a complex activity with a long tradition in our company.<\/h3>\n<ul>\n<li>\n<p>        <img decoding=\"async\" src=\"\/wp-content\/uploads\/2023\/10\/competente-asamblare-1.jpg\" alt=\"\"><\/p>\n<\/li>\n<li>\n<p>        <img decoding=\"async\" src=\"\/wp-content\/uploads\/2023\/10\/competente-asamblare-2.jpg\" alt=\"\"><\/p>\n<\/li>\n<li>\n<p>        <img decoding=\"async\" src=\"\/wp-content\/uploads\/2023\/10\/competente-asamblare-3.jpg\" alt=\"\"><\/p>\n<\/li>\n<li>\n<p>        <img decoding=\"async\" src=\"\/wp-content\/uploads\/2023\/10\/competente-asamblare-4.jpg\" alt=\"\"><\/p>\n<\/li>\n<li>\n<p>        <img decoding=\"async\" src=\"\/wp-content\/uploads\/2023\/10\/competente-asamblare-5.jpg\" alt=\"\"><\/p>\n<\/li>\n<li>\n<p>        <img decoding=\"async\" src=\"\/wp-content\/uploads\/2023\/12\/competente-asamblare-6.jpg\" alt=\"\"><\/p>\n<\/li>\n<li>\n<p>        <img decoding=\"async\" src=\"\/wp-content\/uploads\/2023\/12\/competente-asamblare-7.jpg\" alt=\"\"><\/p>\n<\/li>\n<\/ul>\n<div>\n<p>We assemble ski boots for two world-renowned brands (Atomic and Salomon). They are produced on specialised assembly lines.<\/p>\n<p>For the automotive industry and other industrial sectors, we produce assemblies made of plastic and metal components, using dedicated devices and ultrasonic welding.<\/p>\n<\/div>\n<p><!--more--><br \/>\n<!-- {\"type\":\"layout\",\"children\":[{\"name\":\"Hero pagini interne\",\"type\":\"section\",\"props\":{\"image_position\":\"center-center\",\"image_size\":\"cover\",\"padding\":\"xsmall\",\"style\":\"muted\",\"title_breakpoint\":\"xl\",\"title_position\":\"top-left\",\"title_rotation\":\"left\",\"vertical_align\":\"middle\",\"width\":\"\"},\"children\":[{\"type\":\"row\",\"children\":[{\"type\":\"column\",\"props\":{\"image_position\":\"center-center\",\"position_sticky_breakpoint\":\"m\",\"width_medium\":\"1-1\"},\"children\":[{\"type\":\"headline\",\"props\":{\"block_align\":\"center\",\"maxwidth\":\"xlarge\",\"text_align\":\"center\",\"title_color\":\"secondary\",\"title_decoration\":\"line\",\"title_element\":\"h1\",\"title_style\":\"h1\"},\"source\":{\"query\":{\"name\":\"pages.singlePage\"},\"props\":{\"content\":{\"filters\":{\"search\":\"\"},\"name\":\"title\"}}}}]}]}]},{\"type\":\"section\",\"props\":{\"image_position\":\"center-center\",\"style\":\"default\",\"title_breakpoint\":\"xl\",\"title_position\":\"top-left\",\"title_rotation\":\"left\",\"vertical_align\":\"middle\",\"width\":\"default\"},\"children\":[{\"type\":\"row\",\"children\":[{\"type\":\"column\",\"props\":{\"image_position\":\"center-center\",\"position_sticky_breakpoint\":\"m\"},\"children\":[{\"type\":\"breadcrumbs\",\"props\":{\"home_text\":\"Homepage\",\"show_current\":true,\"show_home\":true}},{\"type\":\"headline\",\"props\":{\"content\":\"The assembling of finished products or sub-assemblies delivered to companies that incorporate them into their own products is a complex activity with a long tradition in our company.\",\"text_align\":\"left\",\"title_element\":\"h3\",\"title_style\":\"text-lead\"},\"name\":\"Headline pagina interna\"}]}]},{\"type\":\"row\",\"props\":{\"layout\":\"2-3,1-3\"},\"children\":[{\"type\":\"column\",\"props\":{\"image_position\":\"center-center\",\"position_sticky_breakpoint\":\"m\",\"vertical_align\":\"middle\",\"width_medium\":\"2-3\"},\"children\":[{\"type\":\"slideshow\",\"props\":{\"image_loading\":true,\"link_style\":\"default\",\"link_text\":\"Read more\",\"margin\":\"default\",\"meta_align\":\"below-title\",\"meta_element\":\"div\",\"meta_style\":\"text-meta\",\"nav\":\"dotnav\",\"nav_align\":\"center\",\"nav_breakpoint\":\"s\",\"nav_position\":\"bottom-center\",\"nav_position_margin\":\"medium\",\"nav_vertical\":false,\"overlay_animation\":\"parallax\",\"overlay_position\":\"center-left\",\"show_content\":true,\"show_link\":true,\"show_meta\":true,\"show_thumbnail\":true,\"show_title\":true,\"slidenav\":\"top-right\",\"slidenav_breakpoint\":\"s\",\"slidenav_margin\":\"medium\",\"slidenav_outside_breakpoint\":\"xl\",\"slideshow_animation\":\"push\",\"slideshow_autoplay\":true,\"slideshow_autoplay_interval\":\"5\",\"slideshow_autoplay_pause\":false,\"slideshow_kenburns_duration\":\"13\",\"slideshow_min_height\":300,\"thumbnav_height\":\"75\",\"thumbnav_svg_color\":\"emphasis\",\"thumbnav_width\":\"100\",\"title_element\":\"h3\"},\"children\":[{\"type\":\"slideshow_item\",\"props\":{\"image\":\"wp-content\\\/uploads\\\/2023\\\/10\\\/competente-asamblare-1.jpg\"}},{\"type\":\"slideshow_item\",\"props\":{\"image\":\"wp-content\\\/uploads\\\/2023\\\/10\\\/competente-asamblare-2.jpg\"}},{\"type\":\"slideshow_item\",\"props\":{\"image\":\"wp-content\\\/uploads\\\/2023\\\/10\\\/competente-asamblare-3.jpg\"}},{\"type\":\"slideshow_item\",\"props\":{\"image\":\"wp-content\\\/uploads\\\/2023\\\/10\\\/competente-asamblare-4.jpg\"}},{\"type\":\"slideshow_item\",\"props\":{\"image\":\"wp-content\\\/uploads\\\/2023\\\/10\\\/competente-asamblare-5.jpg\"}},{\"type\":\"slideshow_item\",\"props\":{\"image\":\"wp-content\\\/uploads\\\/2023\\\/12\\\/competente-asamblare-6.jpg\"}},{\"type\":\"slideshow_item\",\"props\":{\"image\":\"wp-content\\\/uploads\\\/2023\\\/12\\\/competente-asamblare-7.jpg\"}}],\"name\":\"slideshow produse\"}]},{\"type\":\"column\",\"props\":{\"image_position\":\"center-center\",\"position_sticky_breakpoint\":\"m\",\"vertical_align\":\"middle\",\"width_medium\":\"1-3\"},\"children\":[{\"type\":\"text\",\"props\":{\"column_breakpoint\":\"m\",\"content\":\"\n\n<p>We assemble ski boots for two world-renowned brands (Atomic and Salomon). They are produced on specialised assembly lines.<\\\/p>\\n\n\n<p>For the automotive industry and other industrial sectors, we produce assemblies made of plastic and metal components, using dedicated devices and ultrasonic welding.<\\\/p>\",\"margin\":\"default\",\"text_align\":\"justify\"}}]}]}],\"name\":\"Pagina comepetente\"}],\"version\":\"4.2.13\",\"yooessentialsVersion\":\"2.2.4\"} --><\/p>\n","protected":false},"excerpt":{"rendered":"<p>The assembling of finished products or sub-assemblies delivered to companies that incorporate them into their own products is a complex activity with a long tradition in our company. We assemble ski boots for two world-renowned brands (Atomic and Salomon). They are produced on specialised assembly lines. For the automotive industry and other industrial sectors, we [&hellip;]<\/p>\n","protected":false},"author":1,"featured_media":0,"parent":0,"menu_order":0,"comment_status":"closed","ping_status":"closed","template":"","meta":{"_acf_changed":false,"footnotes":""},"class_list":["post-274","page","type-page","status-publish","hentry"],"acf":[],"aioseo_notices":[],"aioseo_head":"\n\t\t<!-- All in One SEO Pro 4.9.6.2 - aioseo.com -->\n\t<meta name=\"description\" content=\"The assembling of finished products or sub-assemblies delivered to companies that incorporate them into their own products is a complex activity with a long tradition in our company. We assemble ski boots for two world-renowned brands (Atomic and Salomon). They are produced on specialised assembly lines. For the automotive industry and other industrial sectors, we\" \/>\n\t<meta name=\"robots\" content=\"max-image-preview:large\" \/>\n\t<link rel=\"canonical\" href=\"https:\/\/plastor.ro\/ro\/assembling\/\" \/>\n\t<meta name=\"generator\" content=\"All in One SEO Pro (AIOSEO) 4.9.6.2\" \/>\n\t\t<meta property=\"og:locale\" content=\"ro_RO\" \/>\n\t\t<meta property=\"og:site_name\" content=\"Plastor Oradea - Solu\u021bii complete \u00een domeniul prelucr\u0103rii materialelor plastice\" \/>\n\t\t<meta property=\"og:type\" content=\"article\" \/>\n\t\t<meta property=\"og:title\" content=\"Assembling - Plastor Oradea\" \/>\n\t\t<meta property=\"og:description\" content=\"The assembling of finished products or sub-assemblies delivered to companies that incorporate them into their own products is a complex activity with a long tradition in our company. We assemble ski boots for two world-renowned brands (Atomic and Salomon). They are produced on specialised assembly lines. For the automotive industry and other industrial sectors, we\" \/>\n\t\t<meta property=\"og:url\" content=\"https:\/\/plastor.ro\/ro\/assembling\/\" \/>\n\t\t<meta property=\"article:published_time\" content=\"2023-07-25T10:44:00+00:00\" \/>\n\t\t<meta property=\"article:modified_time\" content=\"2024-02-05T15:48:17+00:00\" \/>\n\t\t<meta name=\"twitter:card\" content=\"summary_large_image\" \/>\n\t\t<meta name=\"twitter:title\" content=\"Assembling - Plastor Oradea\" \/>\n\t\t<meta name=\"twitter:description\" content=\"The assembling of finished products or sub-assemblies delivered to companies that incorporate them into their own products is a complex activity with a long tradition in our company. We assemble ski boots for two world-renowned brands (Atomic and Salomon). They are produced on specialised assembly lines. For the automotive industry and other industrial sectors, we\" \/>\n\t\t<script type=\"application\/ld+json\" class=\"aioseo-schema\">\n\t\t\t{\"@context\":\"https:\\\/\\\/schema.org\",\"@graph\":[{\"@type\":\"BreadcrumbList\",\"@id\":\"https:\\\/\\\/plastor.ro\\\/ro\\\/assembling\\\/#breadcrumblist\",\"itemListElement\":[{\"@type\":\"ListItem\",\"@id\":\"https:\\\/\\\/plastor.ro\\\/ro#listItem\",\"position\":1,\"name\":\"Home\",\"item\":\"https:\\\/\\\/plastor.ro\\\/ro\",\"nextItem\":{\"@type\":\"ListItem\",\"@id\":\"https:\\\/\\\/plastor.ro\\\/ro\\\/assembling\\\/#listItem\",\"name\":\"Assembling\"}},{\"@type\":\"ListItem\",\"@id\":\"https:\\\/\\\/plastor.ro\\\/ro\\\/assembling\\\/#listItem\",\"position\":2,\"name\":\"Assembling\",\"previousItem\":{\"@type\":\"ListItem\",\"@id\":\"https:\\\/\\\/plastor.ro\\\/ro#listItem\",\"name\":\"Home\"}}]},{\"@type\":\"Organization\",\"@id\":\"https:\\\/\\\/plastor.ro\\\/ro\\\/#organization\",\"name\":\"Plastor Oradea\",\"description\":\"Solu\\u021bii complete \\u00een domeniul prelucr\\u0103rii materialelor plastice\",\"url\":\"https:\\\/\\\/plastor.ro\\\/ro\\\/\",\"telephone\":\"+40259207103\",\"logo\":{\"@type\":\"ImageObject\",\"url\":\"https:\\\/\\\/plastor.ro\\\/wp-content\\\/uploads\\\/2023\\\/07\\\/plastor-logo.svg\",\"@id\":\"https:\\\/\\\/plastor.ro\\\/ro\\\/assembling\\\/#organizationLogo\"},\"image\":{\"@id\":\"https:\\\/\\\/plastor.ro\\\/ro\\\/assembling\\\/#organizationLogo\"}},{\"@type\":\"WebPage\",\"@id\":\"https:\\\/\\\/plastor.ro\\\/ro\\\/assembling\\\/#webpage\",\"url\":\"https:\\\/\\\/plastor.ro\\\/ro\\\/assembling\\\/\",\"name\":\"Assembling - Plastor Oradea\",\"description\":\"The assembling of finished products or sub-assemblies delivered to companies that incorporate them into their own products is a complex activity with a long tradition in our company. We assemble ski boots for two world-renowned brands (Atomic and Salomon). They are produced on specialised assembly lines. For the automotive industry and other industrial sectors, we\",\"inLanguage\":\"ro-RO\",\"isPartOf\":{\"@id\":\"https:\\\/\\\/plastor.ro\\\/ro\\\/#website\"},\"breadcrumb\":{\"@id\":\"https:\\\/\\\/plastor.ro\\\/ro\\\/assembling\\\/#breadcrumblist\"},\"datePublished\":\"2023-07-25T13:44:00+03:00\",\"dateModified\":\"2024-02-05T17:48:17+02:00\"},{\"@type\":\"WebSite\",\"@id\":\"https:\\\/\\\/plastor.ro\\\/ro\\\/#website\",\"url\":\"https:\\\/\\\/plastor.ro\\\/ro\\\/\",\"name\":\"Plastor Oradea\",\"description\":\"Solu\\u021bii complete \\u00een domeniul prelucr\\u0103rii materialelor plastice\",\"inLanguage\":\"ro-RO\",\"publisher\":{\"@id\":\"https:\\\/\\\/plastor.ro\\\/ro\\\/#organization\"}}]}\n\t\t<\/script>\n\t\t<!-- All in One SEO Pro -->\r\n\t\t<title>Assembling - Plastor Oradea<\/title>\n\n","aioseo_head_json":{"title":"Montaj - Plastor Oradea","description":"Asamblarea produselor finite sau a subansamblurilor livrate companiilor care le \u00eencorporeaz\u0103 \u00een produsele proprii este o activitate complex\u0103 cu o \u00eendelungat\u0103 tradi\u021bie \u00een firma noastr\u0103. Asamblam cl\u0103pari de schi pentru dou\u0103 m\u0103rci de renume mondial (Atomic \u0219i Salomon). Sunt produse pe linii de asamblare specializate. Pentru industria auto \u0219i alte sectoare industriale, noi","canonical_url":"https:\/\/plastor.ro\/ro\/assembling\/","robots":"max-image-preview:large","keywords":"","webmasterTools":{"miscellaneous":""},"schema":{"@context":"https:\/\/schema.org","@graph":[{"@type":"BreadcrumbList","@id":"https:\/\/plastor.ro\/ro\/assembling\/#breadcrumblist","itemListElement":[{"@type":"ListItem","@id":"https:\/\/plastor.ro\/ro#listItem","position":1,"name":"Home","item":"https:\/\/plastor.ro\/ro","nextItem":{"@type":"ListItem","@id":"https:\/\/plastor.ro\/ro\/assembling\/#listItem","name":"Assembling"}},{"@type":"ListItem","@id":"https:\/\/plastor.ro\/ro\/assembling\/#listItem","position":2,"name":"Assembling","previousItem":{"@type":"ListItem","@id":"https:\/\/plastor.ro\/ro#listItem","name":"Home"}}]},{"@type":"Organization","@id":"https:\/\/plastor.ro\/ro\/#organization","name":"Plastor Oradea","description":"Solu\u021bii complete \u00een domeniul prelucr\u0103rii materialelor plastice","url":"https:\/\/plastor.ro\/ro\/","telephone":"+40259207103","logo":{"@type":"ImageObject","url":"https:\/\/plastor.ro\/wp-content\/uploads\/2023\/07\/plastor-logo.svg","@id":"https:\/\/plastor.ro\/ro\/assembling\/#organizationLogo"},"image":{"@id":"https:\/\/plastor.ro\/ro\/assembling\/#organizationLogo"}},{"@type":"WebPage","@id":"https:\/\/plastor.ro\/ro\/assembling\/#webpage","url":"https:\/\/plastor.ro\/ro\/assembling\/","name":"Assembling - Plastor Oradea","description":"The assembling of finished products or sub-assemblies delivered to companies that incorporate them into their own products is a complex activity with a long tradition in our company. We assemble ski boots for two world-renowned brands (Atomic and Salomon). They are produced on specialised assembly lines. For the automotive industry and other industrial sectors, we","inLanguage":"ro-RO","isPartOf":{"@id":"https:\/\/plastor.ro\/ro\/#website"},"breadcrumb":{"@id":"https:\/\/plastor.ro\/ro\/assembling\/#breadcrumblist"},"datePublished":"2023-07-25T13:44:00+03:00","dateModified":"2024-02-05T17:48:17+02:00"},{"@type":"WebSite","@id":"https:\/\/plastor.ro\/ro\/#website","url":"https:\/\/plastor.ro\/ro\/","name":"Plastor Oradea","description":"Solu\u021bii complete \u00een domeniul prelucr\u0103rii materialelor plastice","inLanguage":"ro-RO","publisher":{"@id":"https:\/\/plastor.ro\/ro\/#organization"}}]},"og:locale":"ro_RO","og:site_name":"Plastor Oradea - Solu\u021bii complete \u00een domeniul prelucr\u0103rii materialelor plastice","og:type":"article","og:title":"Assembling - Plastor Oradea","og:description":"The assembling of finished products or sub-assemblies delivered to companies that incorporate them into their own products is a complex activity with a long tradition in our company. We assemble ski boots for two world-renowned brands (Atomic and Salomon). They are produced on specialised assembly lines. For the automotive industry and other industrial sectors, we","og:url":"https:\/\/plastor.ro\/ro\/assembling\/","article:published_time":"2023-07-25T10:44:00+00:00","article:modified_time":"2024-02-05T15:48:17+00:00","twitter:card":"summary_large_image","twitter:title":"Assembling - Plastor Oradea","twitter:description":"The assembling of finished products or sub-assemblies delivered to companies that incorporate them into their own products is a complex activity with a long tradition in our company. We assemble ski boots for two world-renowned brands (Atomic and Salomon). They are produced on specialised assembly lines. For the automotive industry and other industrial sectors, we"},"aioseo_meta_data":{"post_id":"274","title":null,"description":null,"keywords":null,"keyphrases":null,"primary_term":null,"canonical_url":null,"og_title":null,"og_description":null,"og_object_type":"default","og_image_type":"default","og_image_url":null,"og_image_width":null,"og_image_height":null,"og_image_custom_url":null,"og_image_custom_fields":null,"og_video":"","og_custom_url":null,"og_article_section":null,"og_article_tags":null,"twitter_use_og":false,"twitter_card":"default","twitter_image_type":"default","twitter_image_url":null,"twitter_image_custom_url":null,"twitter_image_custom_fields":null,"twitter_title":null,"twitter_description":null,"schema":{"blockGraphs":[],"customGraphs":[],"default":{"data":{"Article":[],"Course":[],"Dataset":[],"FAQPage":[],"Movie":[],"Person":[],"Product":[],"ProductReview":[],"Car":[],"Recipe":[],"Service":[],"SoftwareApplication":[],"WebPage":[]},"graphName":"","isEnabled":true},"graphs":[]},"schema_type":"default","schema_type_options":null,"pillar_content":false,"robots_default":true,"robots_noindex":false,"robots_noarchive":false,"robots_nosnippet":false,"robots_nofollow":false,"robots_noimageindex":false,"robots_noodp":false,"robots_notranslate":false,"robots_max_snippet":"-1","robots_max_videopreview":"-1","robots_max_imagepreview":"large","priority":null,"frequency":"default","local_seo":null,"seo_analyzer_scan_date":"2025-08-15 14:31:07","breadcrumb_settings":null,"limit_modified_date":false,"open_ai":"{\"title\":{\"suggestions\":[],\"usage\":0},\"description\":{\"suggestions\":[],\"usage\":0}}","ai":null,"created":"2024-01-25 04:41:20","updated":"2025-10-29 14:01:03"},"aioseo_breadcrumb":"<div class=\"aioseo-breadcrumbs\"><span class=\"aioseo-breadcrumb\">\n\t<a href=\"https:\/\/plastor.ro\/ro\" title=\"Home\">Home<\/a>\n<\/span><span class=\"aioseo-breadcrumb-separator\">&raquo;<\/span><span class=\"aioseo-breadcrumb\">\n\tAssembling\n<\/span><\/div>","aioseo_breadcrumb_json":[{"label":"Home","link":"https:\/\/plastor.ro\/ro"},{"label":"Assembling","link":"https:\/\/plastor.ro\/ro\/assembling\/"}],"_links":{"self":[{"href":"https:\/\/plastor.ro\/ro\/wp-json\/wp\/v2\/pages\/274","targetHints":{"allow":["GET"]}}],"collection":[{"href":"https:\/\/plastor.ro\/ro\/wp-json\/wp\/v2\/pages"}],"about":[{"href":"https:\/\/plastor.ro\/ro\/wp-json\/wp\/v2\/types\/page"}],"author":[{"embeddable":true,"href":"https:\/\/plastor.ro\/ro\/wp-json\/wp\/v2\/users\/1"}],"replies":[{"embeddable":true,"href":"https:\/\/plastor.ro\/ro\/wp-json\/wp\/v2\/comments?post=274"}],"version-history":[{"count":3,"href":"https:\/\/plastor.ro\/ro\/wp-json\/wp\/v2\/pages\/274\/revisions"}],"predecessor-version":[{"id":1396,"href":"https:\/\/plastor.ro\/ro\/wp-json\/wp\/v2\/pages\/274\/revisions\/1396"}],"wp:attachment":[{"href":"https:\/\/plastor.ro\/ro\/wp-json\/wp\/v2\/media?parent=274"}],"curies":[{"name":"wp","href":"https:\/\/api.w.org\/{rel}","templated":true}]}}