{"id":273,"date":"2023-07-25T13:43:57","date_gmt":"2023-07-25T10:43:57","guid":{"rendered":"https:\/\/plastor.mynrgo.com\/?page_id=273"},"modified":"2024-02-05T17:46:16","modified_gmt":"2024-02-05T15:46:16","slug":"suflare","status":"publish","type":"page","link":"https:\/\/plastor.ro\/ro\/blow-moulding\/","title":{"rendered":"Extrudare Suflare"},"content":{"rendered":"<h3>Plastor has 6 blow-moulding machines that can produce thermoplastic parts from 3 to 30 liters.<\/h3>\n<ul>\n<li>\n<p>        <img decoding=\"async\" src=\"\/wp-content\/uploads\/2023\/10\/competente-suflare-1.jpg\" alt=\"\"><\/p>\n<\/li>\n<li>\n<p>        <img decoding=\"async\" src=\"\/wp-content\/uploads\/2023\/10\/competente-suflare-2.jpg\" alt=\"\"><\/p>\n<\/li>\n<li>\n<p>        <img decoding=\"async\" src=\"\/wp-content\/uploads\/2023\/10\/competente-suflare-3.jpg\" alt=\"\"><\/p>\n<\/li>\n<li>\n<p>        <img decoding=\"async\" src=\"\/wp-content\/uploads\/2023\/10\/competente-suflare-4.jpg\" alt=\"\"><\/p>\n<\/li>\n<li>\n<p>        <img decoding=\"async\" src=\"\/wp-content\/uploads\/2023\/10\/competente-suflare-5.jpg\" alt=\"\"><\/p>\n<\/li>\n<li>\n<p>        <img decoding=\"async\" src=\"\/wp-content\/uploads\/2023\/10\/competente-suflare-6.jpg\" alt=\"\"><\/p>\n<\/li>\n<li>\n<p>        <img decoding=\"async\" src=\"\/wp-content\/uploads\/2023\/10\/competente-suflare-7.jpg\" alt=\"\"><\/p>\n<\/li>\n<li>\n<p>        <img decoding=\"async\" src=\"\/wp-content\/uploads\/2023\/10\/competente-suflare-8.jpg\" alt=\"\"><\/p>\n<\/li>\n<\/ul>\n<div>\n<p>We have skills in traditional blow moulding as well as in suction blow moulding, which allows us to produce parts with complex profiles.<\/p>\n<p>We process PE, PP, PA, PP-EPDM by blow moulding.<\/p>\n<\/div>\n<p><!--more--><br \/>\n<!-- {\"type\":\"layout\",\"children\":[{\"name\":\"Hero pagini interne\",\"type\":\"section\",\"props\":{\"image_position\":\"center-center\",\"image_size\":\"cover\",\"padding\":\"xsmall\",\"style\":\"muted\",\"title_breakpoint\":\"xl\",\"title_position\":\"top-left\",\"title_rotation\":\"left\",\"vertical_align\":\"middle\",\"width\":\"\"},\"children\":[{\"type\":\"row\",\"children\":[{\"type\":\"column\",\"props\":{\"image_position\":\"center-center\",\"position_sticky_breakpoint\":\"m\",\"width_medium\":\"1-1\"},\"children\":[{\"type\":\"headline\",\"props\":{\"block_align\":\"center\",\"maxwidth\":\"xlarge\",\"text_align\":\"center\",\"title_color\":\"secondary\",\"title_decoration\":\"line\",\"title_element\":\"h1\",\"title_style\":\"h1\"},\"source\":{\"query\":{\"name\":\"pages.singlePage\"},\"props\":{\"content\":{\"filters\":{\"search\":\"\"},\"name\":\"title\"}}}}]}]}]},{\"type\":\"section\",\"props\":{\"image_position\":\"center-center\",\"style\":\"default\",\"title_breakpoint\":\"xl\",\"title_position\":\"top-left\",\"title_rotation\":\"left\",\"vertical_align\":\"middle\",\"width\":\"default\"},\"children\":[{\"type\":\"row\",\"children\":[{\"type\":\"column\",\"props\":{\"image_position\":\"center-center\",\"position_sticky_breakpoint\":\"m\"},\"children\":[{\"type\":\"breadcrumbs\",\"props\":{\"home_text\":\"Homepage\",\"show_current\":true,\"show_home\":true}},{\"type\":\"headline\",\"props\":{\"content\":\"Plastor has 6 blow-moulding machines that can produce thermoplastic parts from 3 to 30 liters.\",\"text_align\":\"left\",\"title_element\":\"h3\",\"title_style\":\"text-lead\"},\"name\":\"Headline pagina interna\"}]}]},{\"type\":\"row\",\"props\":{\"layout\":\"2-3,1-3\"},\"children\":[{\"type\":\"column\",\"props\":{\"image_position\":\"center-center\",\"position_sticky_breakpoint\":\"m\",\"vertical_align\":\"middle\",\"width_medium\":\"2-3\"},\"children\":[{\"type\":\"slideshow\",\"props\":{\"image_loading\":true,\"link_style\":\"default\",\"link_text\":\"Read more\",\"margin\":\"default\",\"meta_align\":\"below-title\",\"meta_element\":\"div\",\"meta_style\":\"text-meta\",\"nav\":\"dotnav\",\"nav_align\":\"center\",\"nav_breakpoint\":\"s\",\"nav_position\":\"bottom-center\",\"nav_position_margin\":\"medium\",\"nav_vertical\":false,\"overlay_animation\":\"parallax\",\"overlay_position\":\"center-left\",\"show_content\":true,\"show_link\":true,\"show_meta\":true,\"show_thumbnail\":true,\"show_title\":true,\"slidenav\":\"top-right\",\"slidenav_breakpoint\":\"s\",\"slidenav_margin\":\"medium\",\"slidenav_outside_breakpoint\":\"xl\",\"slideshow_animation\":\"push\",\"slideshow_autoplay\":true,\"slideshow_autoplay_interval\":\"5\",\"slideshow_autoplay_pause\":false,\"slideshow_kenburns_duration\":\"13\",\"slideshow_min_height\":300,\"thumbnav_height\":\"75\",\"thumbnav_svg_color\":\"emphasis\",\"thumbnav_width\":\"100\",\"title_element\":\"h3\"},\"children\":[{\"type\":\"slideshow_item\",\"props\":{\"image\":\"wp-content\\\/uploads\\\/2023\\\/10\\\/competente-suflare-1.jpg\"}},{\"type\":\"slideshow_item\",\"props\":{\"image\":\"wp-content\\\/uploads\\\/2023\\\/10\\\/competente-suflare-2.jpg\"}},{\"type\":\"slideshow_item\",\"props\":{\"image\":\"wp-content\\\/uploads\\\/2023\\\/10\\\/competente-suflare-3.jpg\"}},{\"type\":\"slideshow_item\",\"props\":{\"image\":\"wp-content\\\/uploads\\\/2023\\\/10\\\/competente-suflare-4.jpg\"}},{\"type\":\"slideshow_item\",\"props\":{\"image\":\"wp-content\\\/uploads\\\/2023\\\/10\\\/competente-suflare-5.jpg\"}},{\"type\":\"slideshow_item\",\"props\":{\"image\":\"wp-content\\\/uploads\\\/2023\\\/10\\\/competente-suflare-6.jpg\"}},{\"type\":\"slideshow_item\",\"props\":{\"image\":\"wp-content\\\/uploads\\\/2023\\\/10\\\/competente-suflare-7.jpg\"}},{\"type\":\"slideshow_item\",\"props\":{\"image\":\"wp-content\\\/uploads\\\/2023\\\/10\\\/competente-suflare-8.jpg\"}}],\"name\":\"slideshow produse\"}]},{\"type\":\"column\",\"props\":{\"image_position\":\"center-center\",\"position_sticky_breakpoint\":\"m\",\"vertical_align\":\"middle\",\"width_medium\":\"1-3\"},\"children\":[{\"type\":\"text\",\"props\":{\"column_breakpoint\":\"m\",\"content\":\"\n\n<p>We have skills in traditional blow moulding as well as in suction blow moulding, which allows us to produce parts with complex profiles.<\\\/p>\\n\n\n<p>We process PE, PP, PA, PP-EPDM by blow moulding.<\\\/p>\",\"margin\":\"default\",\"text_align\":\"justify\"}}]}]}],\"name\":\"Pagina comepetente\"}],\"version\":\"4.2.13\",\"yooessentialsVersion\":\"2.2.4\"} --><\/p>\n","protected":false},"excerpt":{"rendered":"<p>Plastor are 6 ma\u0219ini de suflat care pot produce piese termoplastice de la 3 la 30 de litri. Avem competen\u021be \u00een suflarea tradi\u021bional\u0103 precum \u0219i \u00een suflarea prin suflare, ceea ce ne permite s\u0103 producem piese cu profile complexe. Prelucr\u0103m PE, PP, PA, PP-EPDM prin suflare.<\/p>","protected":false},"author":1,"featured_media":0,"parent":0,"menu_order":0,"comment_status":"closed","ping_status":"closed","template":"","meta":{"_acf_changed":false,"footnotes":""},"class_list":["post-273","page","type-page","status-publish","hentry"],"acf":[],"aioseo_notices":[],"_links":{"self":[{"href":"https:\/\/plastor.ro\/ro\/wp-json\/wp\/v2\/pages\/273","targetHints":{"allow":["GET"]}}],"collection":[{"href":"https:\/\/plastor.ro\/ro\/wp-json\/wp\/v2\/pages"}],"about":[{"href":"https:\/\/plastor.ro\/ro\/wp-json\/wp\/v2\/types\/page"}],"author":[{"embeddable":true,"href":"https:\/\/plastor.ro\/ro\/wp-json\/wp\/v2\/users\/1"}],"replies":[{"embeddable":true,"href":"https:\/\/plastor.ro\/ro\/wp-json\/wp\/v2\/comments?post=273"}],"version-history":[{"count":3,"href":"https:\/\/plastor.ro\/ro\/wp-json\/wp\/v2\/pages\/273\/revisions"}],"predecessor-version":[{"id":1395,"href":"https:\/\/plastor.ro\/ro\/wp-json\/wp\/v2\/pages\/273\/revisions\/1395"}],"wp:attachment":[{"href":"https:\/\/plastor.ro\/ro\/wp-json\/wp\/v2\/media?parent=273"}],"curies":[{"name":"wp","href":"https:\/\/api.w.org\/{rel}","templated":true}]}}